{"id":733,"date":"2022-11-29T16:25:41","date_gmt":"2022-11-29T14:25:41","guid":{"rendered":"https:\/\/pood.peppersack.ee\/?post_type=product&#038;p=733"},"modified":"2024-04-30T14:46:02","modified_gmt":"2024-04-30T12:46:02","slug":"ouna-karamelli-kringel","status":"publish","type":"product","link":"https:\/\/pood.peppersack.ee\/ru\/product\/ouna-karamelli-kringel\/","title":{"rendered":"\u042f\u0431\u043b\u043e\u0447\u043d\u043e-\u043a\u0430\u0440\u0430\u043c\u0435\u043b\u044c\u043d\u044b\u0439 \u043a\u0440\u0435\u043d\u0434\u0435\u043b\u044c \u0441 \u043e\u0440\u0435\u0445\u0430\u043c\u0438"},"content":{"rendered":"<h3>\u0418\u043d\u0444\u043e\u0440\u043c\u0430\u0446\u0438\u044f \u0434\u043b\u044f \u0437\u0430\u043a\u0430\u0437\u0430<\/h3>\n<p>\u041c\u044b \u0436\u0434\u0435\u043c \u0432\u0430\u0448\u0438\u0445 \u0437\u0430\u043a\u0430\u0437\u043e\u0432 \u043c\u0438\u043d\u0438\u043c\u0443\u043c \u0437\u0430 24-72 \u0447\u0430\u0441\u0430 \u0434\u043e \u0436\u0435\u043b\u0430\u0435\u043c\u043e\u0433\u043e \u0441\u0440\u043e\u043a\u0430 \u0434\u043e\u0441\u0442\u0430\u0432\u043a\u0438 \u043f\u0440\u043e\u0434\u0443\u043a\u0446\u0438\u0438. \u0415\u0441\u043b\u0438 \u0432\u0430\u043c \u043d\u0443\u0436\u043d\u0430 \u043d\u0430\u0448\u0430 \u043f\u0440\u043e\u0434\u0443\u043a\u0446\u0438\u044f \u0432 \u0442\u043e\u0442 \u0436\u0435 \u0434\u0435\u043d\u044c, \u0437\u0432\u043e\u043d\u0438\u0442\u0435 +372 646 6995, \u0447\u0442\u043e\u0431\u044b \u0432\u043c\u0435\u0441\u0442\u0435 \u0443\u0432\u0438\u0434\u0435\u0442\u044c, \u0447\u0442\u043e \u043c\u044b \u043c\u043e\u0436\u0435\u043c \u0432\u0430\u043c \u043f\u0440\u0435\u0434\u043b\u043e\u0436\u0438\u0442\u044c. <a title=\"tel:+372 646 6995\" href=\"tel:+372 646 6995\">+372 646 6995<\/a>, et koos vaadata, mida Teile pakkuda saame. Suurte tellimuste korral v\u00f5tke meiega palun \u00fchendust <a title=\"mailto:kohvik@peppersack.ee\" href=\"mailto:kohvik@peppersack.ee\">kohvik@peppersack.ee<\/a> v\u00f5i helistage <a title=\"tel:+372 646 6995\" href=\"tel:+372 646 6995\">+372 646 6995<\/a>. Telefonile ja e-kirjadele vastame kohviku tavap\u00e4rastel lahtiolekuaegadel. E-poes saate oste sooritada \u00f6\u00f6p\u00e4evaringselt. Tellimustele, mis on tehtud hiljem kui 17:00, algab ettetellimisaja arvestus j\u00e4rgmise p\u00e4eva hommikul. N\u00e4iteks, tehes e-poes kell 17.30 tellimuse 24h ettetellimisajaga tootele, on kauba varaseim k\u00e4ttesaamise aeg \u00fclej\u00e4rgmisel p\u00e4eval. Kui ostukorvis olevatel toodetel on erinevad ettetellimise ajad, on v\u00f5imalik kaupu k\u00e4tte saada k\u00f5ige pikema ettetellimisaja j\u00e4rgi. Juhul, kui soovite osa toodetest varem k\u00e4tte saada, palume erineva ettetellimisajaga toodetele teha eraldi tellimused.<\/p>","protected":false},"excerpt":{"rendered":"<p>p\u00e4rmitaigen, p\u00e4hklid, margariin, kaneel, suhkur, \u00f5un, karamel<\/p>","protected":false},"featured_media":1142,"comment_status":"closed","ping_status":"closed","template":"","meta":{"_et_pb_use_builder":"off","_et_pb_old_content":"<h3>Tellimisinfo<\/h3>\r\nOotame Teie tellimusi v\u00e4hemalt 24-72 tundi enne toodete soovitud k\u00e4ttesaamise aega. Kui soovite meie tooteid samaks p\u00e4evaks, palume helistada <a title=\"tel:+372 646 6995\" href=\"tel:+372 646 6995\">+372 646 6995<\/a>, et koos vaadata, mida Teile pakkuda saame.\r\n\r\nSuurte tellimuste korral v\u00f5tke meiega palun \u00fchendust <a title=\"mailto:kohvik@peppersack.ee\" href=\"mailto:kohvik@peppersack.ee\">kohvik@peppersack.ee<\/a> v\u00f5i helistage <a title=\"tel:+372 646 6995\" href=\"tel:+372 646 6995\">+372 646 6995<\/a>. Telefonile ja e-kirjadele vastame kohviku tavap\u00e4rastel lahtiolekuaegadel.\r\n\r\nE-poes saate oste sooritada \u00f6\u00f6p\u00e4evaringselt. Tellimustele, mis on tehtud hiljem kui 17:00, algab ettetellimisaja arvestus j\u00e4rgmise p\u00e4eva hommikul. N\u00e4iteks, tehes e-poes kell 17.30 tellimuse 24h ettetellimisajaga tootele, on kauba varaseim k\u00e4ttesaamise aeg \u00fclej\u00e4rgmisel p\u00e4eval. Kui ostukorvis olevatel toodetel on erinevad ettetellimise ajad, on v\u00f5imalik kaupu k\u00e4tte saada k\u00f5ige pikema ettetellimisaja j\u00e4rgi. Juhul, kui soovite osa toodetest varem k\u00e4tte saada, palume erineva ettetellimisajaga toodetele teha eraldi tellimused.","_et_gb_content_width":""},"product_brand":[],"product_cat":[17],"product_tag":[],"class_list":{"0":"post-733","1":"product","2":"type-product","3":"status-publish","4":"has-post-thumbnail","6":"product_cat-kringlid","8":"first","9":"instock","10":"taxable","11":"shipping-taxable","12":"purchasable","13":"product-type-variable"},"jetpack_sharing_enabled":true,"_links":{"self":[{"href":"https:\/\/pood.peppersack.ee\/ru\/wp-json\/wp\/v2\/product\/733","targetHints":{"allow":["GET"]}}],"collection":[{"href":"https:\/\/pood.peppersack.ee\/ru\/wp-json\/wp\/v2\/product"}],"about":[{"href":"https:\/\/pood.peppersack.ee\/ru\/wp-json\/wp\/v2\/types\/product"}],"replies":[{"embeddable":true,"href":"https:\/\/pood.peppersack.ee\/ru\/wp-json\/wp\/v2\/comments?post=733"}],"wp:featuredmedia":[{"embeddable":true,"href":"https:\/\/pood.peppersack.ee\/ru\/wp-json\/wp\/v2\/media\/1142"}],"wp:attachment":[{"href":"https:\/\/pood.peppersack.ee\/ru\/wp-json\/wp\/v2\/media?parent=733"}],"wp:term":[{"taxonomy":"product_brand","embeddable":true,"href":"https:\/\/pood.peppersack.ee\/ru\/wp-json\/wp\/v2\/product_brand?post=733"},{"taxonomy":"product_cat","embeddable":true,"href":"https:\/\/pood.peppersack.ee\/ru\/wp-json\/wp\/v2\/product_cat?post=733"},{"taxonomy":"product_tag","embeddable":true,"href":"https:\/\/pood.peppersack.ee\/ru\/wp-json\/wp\/v2\/product_tag?post=733"}],"curies":[{"name":"wp","href":"https:\/\/api.w.org\/{rel}","templated":true}]}}